{"id":222,"date":"2020-02-01T12:28:39","date_gmt":"2020-02-01T12:28:39","guid":{"rendered":"https:\/\/the7.io\/elementor-business-one-page\/?page_id=222"},"modified":"2021-07-02T10:05:49","modified_gmt":"2021-07-02T08:05:49","slug":"fertigung","status":"publish","type":"page","link":"https:\/\/elkotron.grunddesigngmbh.com\/?page_id=222","title":{"rendered":"Fertigung"},"content":{"rendered":"\t\t<div data-elementor-type=\"wp-page\" data-elementor-id=\"222\" class=\"elementor elementor-222\" data-elementor-post-type=\"page\">\n\t\t\t\t\t\t<section class=\"elementor-section elementor-top-section elementor-element elementor-element-3811f063 elementor-reverse-tablet elementor-reverse-mobile elementor-section-boxed elementor-section-height-default elementor-section-height-default\" data-id=\"3811f063\" data-element_type=\"section\" data-e-type=\"section\">\n\t\t\t\t\t\t<div class=\"elementor-container elementor-column-gap-no\">\n\t\t\t\t\t<div class=\"elementor-column elementor-col-50 elementor-top-column elementor-element elementor-element-668fb0ac\" data-id=\"668fb0ac\" data-element_type=\"column\" data-e-type=\"column\">\n\t\t\t<div class=\"elementor-widget-wrap elementor-element-populated\">\n\t\t\t\t\t\t<div class=\"elementor-element elementor-element-2beb753 elementor-widget elementor-widget-heading\" data-id=\"2beb753\" data-element_type=\"widget\" data-e-type=\"widget\" data-widget_type=\"heading.default\">\n\t\t\t\t<div class=\"elementor-widget-container\">\n\t\t\t\t\t<h2 class=\"elementor-heading-title elementor-size-default\">Unsere eigene Fertigung\n<\/h2>\t\t\t\t<\/div>\n\t\t\t\t<\/div>\n\t\t\t\t<div class=\"elementor-element elementor-element-67f256b elementor-widget elementor-widget-heading\" data-id=\"67f256b\" data-element_type=\"widget\" data-e-type=\"widget\" data-widget_type=\"heading.default\">\n\t\t\t\t<div class=\"elementor-widget-container\">\n\t\t\t\t\t<h4 class=\"elementor-heading-title elementor-size-default\">F\u00fcr die Fertigung Ihrer Bauteile<\/br>\n- Egal ob Musterbau oder Serienfertigung:<\/h4>\t\t\t\t<\/div>\n\t\t\t\t<\/div>\n\t\t\t\t<div class=\"elementor-element elementor-element-2885fbf8 elementor-widget-divider--view-line elementor-widget elementor-widget-divider\" data-id=\"2885fbf8\" data-element_type=\"widget\" data-e-type=\"widget\" data-widget_type=\"divider.default\">\n\t\t\t\t<div class=\"elementor-widget-container\">\n\t\t\t\t\t\t\t<div class=\"elementor-divider\">\n\t\t\t<span class=\"elementor-divider-separator\">\n\t\t\t\t\t\t<\/span>\n\t\t<\/div>\n\t\t\t\t\t\t<\/div>\n\t\t\t\t<\/div>\n\t\t\t\t<div class=\"elementor-element elementor-element-70f182da elementor-widget elementor-widget-text-editor\" data-id=\"70f182da\" data-element_type=\"widget\" data-e-type=\"widget\" data-widget_type=\"text-editor.default\">\n\t\t\t\t<div class=\"elementor-widget-container\">\n\t\t\t\t\t\t\t\t\t<ul><li>Spezialisiert auf extrem miniaturisierte<br \/>Best\u00fcckung<\/li><li>SMD- und THT-Fertigung nach IPC-A-610E Klasse 1 bis 3<\/li><li>Dispensen, Kleben, Testen, Schrauben, Montieren<\/li><li>Best\u00fcckungsleistung nach cpi\/IPC 9850: 54.400\/h<\/li><li>Kleinste Bauteilgr\u00f6\u00dfe: 01005<\/li><li>Gr\u00f6\u00dfte Bauteilgr\u00f6\u00dfe bis zu 87,5 x 45 x 19mm<\/li><li>Reflow- und Wellenl\u00f6ten<\/li><li>Automatische Optische Inspektion<\/li><li>RoHS-konforme Fertigung<\/li><\/ul>\t\t\t\t\t\t\t\t<\/div>\n\t\t\t\t<\/div>\n\t\t\t\t<div class=\"elementor-element elementor-element-a065a87 elementor-align-justify elementor-mobile-align-left elementor-widget__width-auto elementor-widget-mobile__width-inherit elementor-widget elementor-widget-button\" data-id=\"a065a87\" data-element_type=\"widget\" data-e-type=\"widget\" data-widget_type=\"button.default\">\n\t\t\t\t<div class=\"elementor-widget-container\">\n\t\t\t\t\t\t\t\t\t<div class=\"elementor-button-wrapper\">\n\t\t\t\t\t<a class=\"elementor-button elementor-button-link elementor-size-xs\" href=\"\/#!\/contact\">\n\t\t\t\t\t\t<span class=\"elementor-button-content-wrapper\">\n\t\t\t\t\t\t<span class=\"elementor-button-icon\">\n\t\t\t\t<i aria-hidden=\"true\" class=\"fas fa-comment-dots\"><\/i>\t\t\t<\/span>\n\t\t\t\t\t\t\t\t\t<span class=\"elementor-button-text\">Kontakt<\/span>\n\t\t\t\t\t<\/span>\n\t\t\t\t\t<\/a>\n\t\t\t\t<\/div>\n\t\t\t\t\t\t\t\t<\/div>\n\t\t\t\t<\/div>\n\t\t\t\t\t<\/div>\n\t\t<\/div>\n\t\t\t\t<div class=\"elementor-column elementor-col-50 elementor-top-column elementor-element elementor-element-55c18b11\" data-id=\"55c18b11\" data-element_type=\"column\" data-e-type=\"column\" data-settings=\"{&quot;background_background&quot;:&quot;classic&quot;}\">\n\t\t\t<div class=\"elementor-widget-wrap elementor-element-populated\">\n\t\t\t\t\t\t<div class=\"elementor-element elementor-element-c0f5b44 elementor-widget elementor-widget-wp-widget-media_video\" data-id=\"c0f5b44\" data-element_type=\"widget\" data-e-type=\"widget\" data-widget_type=\"wp-widget-media_video.default\">\n\t\t\t\t<div class=\"elementor-widget-container\">\n\t\t\t\t\t<div style=\"width:100%;\" class=\"wp-video\"><video class=\"wp-video-shortcode\" id=\"video-222-1\" preload=\"metadata\" controls=\"controls\"><source type=\"video\/mp4\" src=\"https:\/\/elkotron.grunddesigngmbh.com\/wp-content\/uploads\/2021\/02\/1.-Best\ufffdckung_2021_01_07_gek\ufffdrzt_Unterseite-Fertigung.mp4?_=1\" \/><source type=\"video\/mp4\" src=\"https:\/\/elkotron.grunddesigngmbh.com\/wp-content\/uploads\/2021\/02\/1.-Best\ufffdckung_2021_01_07_gek\ufffdrzt_Unterseite-Fertigung.mp4?_=1\" \/><a href=\"https:\/\/elkotron.grunddesigngmbh.com\/wp-content\/uploads\/2021\/02\/1.-Best\ufffdckung_2021_01_07_gek\ufffdrzt_Unterseite-Fertigung.mp4\">https:\/\/elkotron.grunddesigngmbh.com\/wp-content\/uploads\/2021\/02\/1.-Best\ufffdckung_2021_01_07_gek\ufffdrzt_Unterseite-Fertigung.mp4<\/a><\/video><\/div>\t\t\t\t<\/div>\n\t\t\t\t<\/div>\n\t\t\t\t\t<\/div>\n\t\t<\/div>\n\t\t\t\t\t<\/div>\n\t\t<\/section>\n\t\t\t\t<section class=\"elementor-section elementor-top-section elementor-element elementor-element-812b105 elementor-section-boxed elementor-section-height-default elementor-section-height-default\" data-id=\"812b105\" data-element_type=\"section\" data-e-type=\"section\">\n\t\t\t\t\t\t<div class=\"elementor-container elementor-column-gap-default\">\n\t\t\t\t\t<div class=\"elementor-column elementor-col-50 elementor-top-column elementor-element elementor-element-f9b2400\" data-id=\"f9b2400\" data-element_type=\"column\" data-e-type=\"column\">\n\t\t\t<div class=\"elementor-widget-wrap elementor-element-populated\">\n\t\t\t\t\t\t<div class=\"elementor-element elementor-element-817d223 elementor-widget elementor-widget-spacer\" data-id=\"817d223\" data-element_type=\"widget\" data-e-type=\"widget\" data-widget_type=\"spacer.default\">\n\t\t\t\t<div class=\"elementor-widget-container\">\n\t\t\t\t\t\t\t<div class=\"elementor-spacer\">\n\t\t\t<div class=\"elementor-spacer-inner\"><\/div>\n\t\t<\/div>\n\t\t\t\t\t\t<\/div>\n\t\t\t\t<\/div>\n\t\t\t\t<div class=\"elementor-element elementor-element-1bcbf47 elementor-widget elementor-widget-image\" data-id=\"1bcbf47\" data-element_type=\"widget\" data-e-type=\"widget\" data-widget_type=\"image.default\">\n\t\t\t\t<div class=\"elementor-widget-container\">\n\t\t\t\t\t\t\t\t\t\t\t\t\t\t\t<img fetchpriority=\"high\" decoding=\"async\" width=\"800\" height=\"600\" src=\"https:\/\/elkotron.grunddesigngmbh.com\/wp-content\/uploads\/2021\/02\/IMG_0029-1024x768.jpg\" class=\"attachment-large size-large wp-image-2341\" alt=\"\" srcset=\"https:\/\/elkotron.grunddesigngmbh.com\/wp-content\/uploads\/2021\/02\/IMG_0029-1024x768.jpg 1024w, https:\/\/elkotron.grunddesigngmbh.com\/wp-content\/uploads\/2021\/02\/IMG_0029-300x225.jpg 300w, https:\/\/elkotron.grunddesigngmbh.com\/wp-content\/uploads\/2021\/02\/IMG_0029-768x576.jpg 768w, https:\/\/elkotron.grunddesigngmbh.com\/wp-content\/uploads\/2021\/02\/IMG_0029-1536x1152.jpg 1536w, https:\/\/elkotron.grunddesigngmbh.com\/wp-content\/uploads\/2021\/02\/IMG_0029-2048x1536.jpg 2048w\" sizes=\"(max-width: 800px) 100vw, 800px\" \/>\t\t\t\t\t\t\t\t\t\t\t\t\t\t\t<\/div>\n\t\t\t\t<\/div>\n\t\t\t\t\t<\/div>\n\t\t<\/div>\n\t\t\t\t<div class=\"elementor-column elementor-col-25 elementor-top-column elementor-element elementor-element-97e71fb\" data-id=\"97e71fb\" data-element_type=\"column\" data-e-type=\"column\">\n\t\t\t<div class=\"elementor-widget-wrap elementor-element-populated\">\n\t\t\t\t\t\t<div class=\"elementor-element elementor-element-04b2b48 elementor-widget elementor-widget-image\" data-id=\"04b2b48\" data-element_type=\"widget\" data-e-type=\"widget\" data-widget_type=\"image.default\">\n\t\t\t\t<div class=\"elementor-widget-container\">\n\t\t\t\t\t\t\t\t\t\t\t\t\t\t\t<img decoding=\"async\" width=\"616\" height=\"461\" src=\"https:\/\/elkotron.grunddesigngmbh.com\/wp-content\/uploads\/2021\/02\/image003.jpg\" class=\"attachment-large size-large wp-image-1996\" alt=\"\" srcset=\"https:\/\/elkotron.grunddesigngmbh.com\/wp-content\/uploads\/2021\/02\/image003.jpg 616w, https:\/\/elkotron.grunddesigngmbh.com\/wp-content\/uploads\/2021\/02\/image003-300x225.jpg 300w\" sizes=\"(max-width: 616px) 100vw, 616px\" \/>\t\t\t\t\t\t\t\t\t\t\t\t\t\t\t<\/div>\n\t\t\t\t<\/div>\n\t\t\t\t\t<\/div>\n\t\t<\/div>\n\t\t\t\t<div class=\"elementor-column elementor-col-25 elementor-top-column elementor-element elementor-element-b0bf259\" data-id=\"b0bf259\" data-element_type=\"column\" data-e-type=\"column\">\n\t\t\t<div class=\"elementor-widget-wrap elementor-element-populated\">\n\t\t\t\t\t\t<div class=\"elementor-element elementor-element-64a9f84 elementor-widget elementor-widget-image\" data-id=\"64a9f84\" data-element_type=\"widget\" data-e-type=\"widget\" data-widget_type=\"image.default\">\n\t\t\t\t<div class=\"elementor-widget-container\">\n\t\t\t\t\t\t\t\t\t\t\t\t\t\t\t<img decoding=\"async\" width=\"300\" height=\"225\" src=\"https:\/\/elkotron.grunddesigngmbh.com\/wp-content\/uploads\/2021\/02\/Alle-3-Best\ufffdcker-300x225.jpg\" class=\"attachment-medium size-medium wp-image-2252\" alt=\"\" srcset=\"https:\/\/elkotron.grunddesigngmbh.com\/wp-content\/uploads\/2021\/02\/Alle-3-Best\ufffdcker-300x225.jpg 300w, https:\/\/elkotron.grunddesigngmbh.com\/wp-content\/uploads\/2021\/02\/Alle-3-Best\ufffdcker-1024x768.jpg 1024w, https:\/\/elkotron.grunddesigngmbh.com\/wp-content\/uploads\/2021\/02\/Alle-3-Best\ufffdcker-768x576.jpg 768w, https:\/\/elkotron.grunddesigngmbh.com\/wp-content\/uploads\/2021\/02\/Alle-3-Best\ufffdcker-1536x1152.jpg 1536w, https:\/\/elkotron.grunddesigngmbh.com\/wp-content\/uploads\/2021\/02\/Alle-3-Best\ufffdcker.jpg 1600w\" sizes=\"(max-width: 300px) 100vw, 300px\" \/>\t\t\t\t\t\t\t\t\t\t\t\t\t\t\t<\/div>\n\t\t\t\t<\/div>\n\t\t\t\t\t<\/div>\n\t\t<\/div>\n\t\t\t\t\t<\/div>\n\t\t<\/section>\n\t\t\t\t<section class=\"elementor-section elementor-top-section elementor-element elementor-element-224e20d1 elementor-section-boxed elementor-section-height-default elementor-section-height-default\" data-id=\"224e20d1\" data-element_type=\"section\" data-e-type=\"section\">\n\t\t\t\t\t\t<div class=\"elementor-container elementor-column-gap-wider\">\n\t\t\t\t\t<div class=\"elementor-column elementor-col-100 elementor-top-column elementor-element elementor-element-662b63\" data-id=\"662b63\" data-element_type=\"column\" data-e-type=\"column\">\n\t\t\t<div class=\"elementor-widget-wrap elementor-element-populated\">\n\t\t\t\t\t\t<div class=\"elementor-element elementor-element-44103d3d elementor-widget-divider--view-line_text elementor-widget-divider--element-align-center elementor-widget elementor-widget-divider\" data-id=\"44103d3d\" data-element_type=\"widget\" data-e-type=\"widget\" data-widget_type=\"divider.default\">\n\t\t\t\t<div class=\"elementor-widget-container\">\n\t\t\t\t\t\t\t<div class=\"elementor-divider\">\n\t\t\t<span class=\"elementor-divider-separator\">\n\t\t\t\t\t\t\t<span class=\"elementor-divider__text elementor-divider__element\">\n\t\t\t\tUnser service\t\t\t\t<\/span>\n\t\t\t\t\t\t<\/span>\n\t\t<\/div>\n\t\t\t\t\t\t<\/div>\n\t\t\t\t<\/div>\n\t\t\t\t\t<\/div>\n\t\t<\/div>\n\t\t\t\t\t<\/div>\n\t\t<\/section>\n\t\t\t\t<section class=\"elementor-section elementor-top-section elementor-element elementor-element-874fb99 elementor-section-boxed elementor-section-height-default elementor-section-height-default\" data-id=\"874fb99\" data-element_type=\"section\" data-e-type=\"section\">\n\t\t\t\t\t\t<div class=\"elementor-container elementor-column-gap-no\">\n\t\t\t\t\t<div class=\"elementor-column elementor-col-100 elementor-top-column elementor-element elementor-element-3ee0353\" data-id=\"3ee0353\" data-element_type=\"column\" data-e-type=\"column\">\n\t\t\t<div class=\"elementor-widget-wrap elementor-element-populated\">\n\t\t\t\t\t\t<div class=\"elementor-element elementor-element-b2a6161 elementor-widget elementor-widget-template\" data-id=\"b2a6161\" data-element_type=\"widget\" data-e-type=\"widget\" data-widget_type=\"template.default\">\n\t\t\t\t<div class=\"elementor-widget-container\">\n\t\t\t\t\t\t\t<div class=\"elementor-template\">\n\t\t\t\t\t<div data-elementor-type=\"section\" data-elementor-id=\"1220\" class=\"elementor elementor-1220\" data-elementor-post-type=\"elementor_library\">\n\t\t\t\t\t<section class=\"elementor-section elementor-top-section elementor-element elementor-element-1d76f8e5 elementor-section-boxed elementor-section-height-default elementor-section-height-default\" data-id=\"1d76f8e5\" data-element_type=\"section\" data-e-type=\"section\">\n\t\t\t\t\t\t<div class=\"elementor-container elementor-column-gap-wider\">\n\t\t\t\t\t<div class=\"elementor-column elementor-col-50 elementor-top-column elementor-element elementor-element-23b61592\" data-id=\"23b61592\" data-element_type=\"column\" data-e-type=\"column\">\n\t\t\t<div class=\"elementor-widget-wrap elementor-element-populated\">\n\t\t\t\t\t\t<div class=\"elementor-element elementor-element-5a9c965d elementor-widget elementor-widget-image\" data-id=\"5a9c965d\" data-element_type=\"widget\" data-e-type=\"widget\" data-widget_type=\"image.default\">\n\t\t\t\t<div class=\"elementor-widget-container\">\n\t\t\t\t\t\t\t\t\t\t\t\t\t\t\t\t<a href=\"\/services\/entwicklung\/\">\n\t\t\t\t\t\t\t<img decoding=\"async\" src=\"https:\/\/elkotron.grunddesigngmbh.com\/wp-content\/uploads\/elementor\/thumbs\/Entwicklung_1-p2nuq1bt9k2cc990yy0klm49ydn9r1i5sa2270k688.jpg\" title=\"Entwicklung_1\" alt=\"Entwicklung_1\" loading=\"lazy\" \/>\t\t\t\t\t\t\t\t<\/a>\n\t\t\t\t\t\t\t\t\t\t\t\t\t\t\t<\/div>\n\t\t\t\t<\/div>\n\t\t\t\t<div class=\"elementor-element elementor-element-68b32654 elementor-widget elementor-widget-heading\" data-id=\"68b32654\" data-element_type=\"widget\" data-e-type=\"widget\" data-widget_type=\"heading.default\">\n\t\t\t\t<div class=\"elementor-widget-container\">\n\t\t\t\t\t<h4 class=\"elementor-heading-title elementor-size-default\">Entwicklung<\/h4>\t\t\t\t<\/div>\n\t\t\t\t<\/div>\n\t\t\t\t<div class=\"elementor-element elementor-element-7bcc5ff elementor-align-center elementor-mobile-align-center elementor-widget elementor-widget-button\" data-id=\"7bcc5ff\" data-element_type=\"widget\" data-e-type=\"widget\" data-widget_type=\"button.default\">\n\t\t\t\t<div class=\"elementor-widget-container\">\n\t\t\t\t\t\t\t\t\t<div class=\"elementor-button-wrapper\">\n\t\t\t\t\t<a class=\"elementor-button elementor-button-link elementor-size-xs\" href=\"\/services\/entwicklung\/\">\n\t\t\t\t\t\t<span class=\"elementor-button-content-wrapper\">\n\t\t\t\t\t\t<span class=\"elementor-button-icon\">\n\t\t\t\t<i aria-hidden=\"true\" class=\" icomoon-the7-font-the7-arrow-09\"><\/i>\t\t\t<\/span>\n\t\t\t\t\t\t\t\t\t<span class=\"elementor-button-text\">Details<\/span>\n\t\t\t\t\t<\/span>\n\t\t\t\t\t<\/a>\n\t\t\t\t<\/div>\n\t\t\t\t\t\t\t\t<\/div>\n\t\t\t\t<\/div>\n\t\t\t\t\t<\/div>\n\t\t<\/div>\n\t\t\t\t<div class=\"elementor-column elementor-col-50 elementor-top-column elementor-element elementor-element-308dbca4\" data-id=\"308dbca4\" data-element_type=\"column\" data-e-type=\"column\">\n\t\t\t<div class=\"elementor-widget-wrap elementor-element-populated\">\n\t\t\t\t\t\t<div class=\"elementor-element elementor-element-8d3c741 elementor-widget elementor-widget-image\" data-id=\"8d3c741\" data-element_type=\"widget\" data-e-type=\"widget\" data-widget_type=\"image.default\">\n\t\t\t\t<div class=\"elementor-widget-container\">\n\t\t\t\t\t\t\t\t\t\t\t\t\t\t\t\t<a href=\"\/services\/fertigung\/\">\n\t\t\t\t\t\t\t<img decoding=\"async\" src=\"https:\/\/elkotron.grunddesigngmbh.com\/wp-content\/uploads\/elementor\/thumbs\/Appel-7918_Fertigung-p2nupmae87hr6huverijhpwwg7pebvuge7mail6gzs.jpg\" title=\"Appel-7918_Fertigung\" alt=\"Appel-7918_Fertigung\" loading=\"lazy\" \/>\t\t\t\t\t\t\t\t<\/a>\n\t\t\t\t\t\t\t\t\t\t\t\t\t\t\t<\/div>\n\t\t\t\t<\/div>\n\t\t\t\t<div class=\"elementor-element elementor-element-28468738 elementor-widget elementor-widget-heading\" data-id=\"28468738\" data-element_type=\"widget\" data-e-type=\"widget\" data-widget_type=\"heading.default\">\n\t\t\t\t<div class=\"elementor-widget-container\">\n\t\t\t\t\t<h4 class=\"elementor-heading-title elementor-size-default\">Fertigung<\/h4>\t\t\t\t<\/div>\n\t\t\t\t<\/div>\n\t\t\t\t<div class=\"elementor-element elementor-element-5abc2474 elementor-align-center elementor-mobile-align-center elementor-widget elementor-widget-button\" data-id=\"5abc2474\" data-element_type=\"widget\" data-e-type=\"widget\" data-widget_type=\"button.default\">\n\t\t\t\t<div class=\"elementor-widget-container\">\n\t\t\t\t\t\t\t\t\t<div class=\"elementor-button-wrapper\">\n\t\t\t\t\t<a class=\"elementor-button elementor-button-link elementor-size-xs\" href=\"\/services\/fertigung\/\">\n\t\t\t\t\t\t<span class=\"elementor-button-content-wrapper\">\n\t\t\t\t\t\t<span class=\"elementor-button-icon\">\n\t\t\t\t<i aria-hidden=\"true\" class=\" icomoon-the7-font-the7-arrow-09\"><\/i>\t\t\t<\/span>\n\t\t\t\t\t\t\t\t\t<span class=\"elementor-button-text\">Details<\/span>\n\t\t\t\t\t<\/span>\n\t\t\t\t\t<\/a>\n\t\t\t\t<\/div>\n\t\t\t\t\t\t\t\t<\/div>\n\t\t\t\t<\/div>\n\t\t\t\t\t<\/div>\n\t\t<\/div>\n\t\t\t\t\t<\/div>\n\t\t<\/section>\n\t\t\t\t<\/div>\n\t\t\t\t<\/div>\n\t\t\t\t\t\t<\/div>\n\t\t\t\t<\/div>\n\t\t\t\t\t<\/div>\n\t\t<\/div>\n\t\t\t\t\t<\/div>\n\t\t<\/section>\n\t\t\t\t<\/div>\n\t\t","protected":false},"excerpt":{"rendered":"<p>Unsere eigene Fertigung F\u00fcr die Fertigung Ihrer Bauteile &#8211; Egal ob Musterbau oder Serienfertigung: Spezialisiert auf extrem miniaturisierteBest\u00fcckung SMD- und THT-Fertigung nach IPC-A-610E Klasse 1 bis 3 Dispensen, Kleben, Testen, Schrauben, Montieren Best\u00fcckungsleistung nach cpi\/IPC 9850: 54.400\/h Kleinste Bauteilgr\u00f6\u00dfe: 01005 Gr\u00f6\u00dfte Bauteilgr\u00f6\u00dfe bis zu 87,5 x 45 x 19mm Reflow- und Wellenl\u00f6ten Automatische Optische Inspektion [&hellip;]<\/p>\n","protected":false},"author":1,"featured_media":1748,"parent":993,"menu_order":10,"comment_status":"closed","ping_status":"closed","template":"elementor_header_footer","meta":{"inline_featured_image":false,"footnotes":""},"class_list":["post-222","page","type-page","status-publish","has-post-thumbnail","hentry"],"_links":{"self":[{"href":"https:\/\/elkotron.grunddesigngmbh.com\/index.php?rest_route=\/wp\/v2\/pages\/222","targetHints":{"allow":["GET"]}}],"collection":[{"href":"https:\/\/elkotron.grunddesigngmbh.com\/index.php?rest_route=\/wp\/v2\/pages"}],"about":[{"href":"https:\/\/elkotron.grunddesigngmbh.com\/index.php?rest_route=\/wp\/v2\/types\/page"}],"author":[{"embeddable":true,"href":"https:\/\/elkotron.grunddesigngmbh.com\/index.php?rest_route=\/wp\/v2\/users\/1"}],"replies":[{"embeddable":true,"href":"https:\/\/elkotron.grunddesigngmbh.com\/index.php?rest_route=%2Fwp%2Fv2%2Fcomments&post=222"}],"version-history":[{"count":57,"href":"https:\/\/elkotron.grunddesigngmbh.com\/index.php?rest_route=\/wp\/v2\/pages\/222\/revisions"}],"predecessor-version":[{"id":2587,"href":"https:\/\/elkotron.grunddesigngmbh.com\/index.php?rest_route=\/wp\/v2\/pages\/222\/revisions\/2587"}],"up":[{"embeddable":true,"href":"https:\/\/elkotron.grunddesigngmbh.com\/index.php?rest_route=\/wp\/v2\/pages\/993"}],"wp:featuredmedia":[{"embeddable":true,"href":"https:\/\/elkotron.grunddesigngmbh.com\/index.php?rest_route=\/wp\/v2\/media\/1748"}],"wp:attachment":[{"href":"https:\/\/elkotron.grunddesigngmbh.com\/index.php?rest_route=%2Fwp%2Fv2%2Fmedia&parent=222"}],"curies":[{"name":"wp","href":"https:\/\/api.w.org\/{rel}","templated":true}]}}